{"id":4794,"date":"2019-01-30T09:04:49","date_gmt":"2019-01-30T08:04:49","guid":{"rendered":"https:\/\/www.forstreiter.at\/family\/"},"modified":"2022-07-24T06:17:05","modified_gmt":"2022-07-24T04:17:05","slug":"family","status":"publish","type":"page","link":"https:\/\/www.forstreiter.at\/en\/winery\/family\/","title":{"rendered":"Family"},"content":{"rendered":"\n<style type=\"text\/css\" data-created_by=\"avia_inline_auto\" id=\"style-css-av-1h0o9-cdd6d7854b2c5395bbb2070d2456ac9a\">\n.flex_column.av-1h0o9-cdd6d7854b2c5395bbb2070d2456ac9a{\nborder-radius:0px 0px 0px 0px;\npadding:0px 0px 0px 0px;\n}\n<\/style>\n<div  class='flex_column av-1h0o9-cdd6d7854b2c5395bbb2070d2456ac9a av_one_full  avia-builder-el-0  el_before_av_two_third  avia-builder-el-first  first flex_column_div av-zero-column-padding  '     ><section  class='av_textblock_section av-jmrt7qsd-07d156dbd456228981661375fcc847aa '   itemscope=\"itemscope\" itemtype=\"https:\/\/schema.org\/CreativeWork\" ><div class='avia_textblock'  itemprop=\"text\" ><h2>Our winery, our philosophy<\/h2>\n<\/div><\/section><\/div>\n\n<style type=\"text\/css\" data-created_by=\"avia_inline_auto\" id=\"style-css-av-2d3dp-f1ab4351d67a516ee53d4f152f3ea5ea\">\n.flex_column.av-2d3dp-f1ab4351d67a516ee53d4f152f3ea5ea{\nborder-radius:0px 0px 0px 0px;\npadding:0px 0px 0px 0px;\n}\n<\/style>\n<div  class='flex_column av-2d3dp-f1ab4351d67a516ee53d4f152f3ea5ea av_two_third  avia-builder-el-2  el_after_av_one_full  el_before_av_one_third  first flex_column_div av-zero-column-padding  column-top-margin'     ><section  class='av_textblock_section av-jmrsrzfj-964be8af8309f5cf020ed9c5b2a0f2e5 '   itemscope=\"itemscope\" itemtype=\"https:\/\/schema.org\/CreativeWork\" ><div class='avia_textblock'  itemprop=\"text\" ><p><strong>Meinhard Forstreiter<\/strong>, together with his wife Isabella, took over the business from his parents in 2001 and thoroughly modernized it. He grew up in the winery and of course knows every detail, every corner of his vineyards, the microclimatic conditions, the vines and their specific characteristics.<\/p>\n<p>Since then, the business has grown steadily, meanwhile the vineyard area is a proud <strong>54 hectares<\/strong>, on which the <strong>Gr\u00fcner Veltliner<\/strong> grows in all its forms &#8211; crisp, fresh, lively wines as well as smooth, almost Burgundian-looking plants with a creamy texture. There are also elegant Rieslings, a fine Sauvignon Blanc, the Gelber Muskateller, which is particularly easy to drink, and velvety red wines from Zweigelt, St. Laurent and Pinot Noir, which we sell successfully all over the world.<\/p>\n<p>Today, <strong>son Daniel<\/strong>, the fifth generation of the family, is firmly integrated in the company. He supports Meinhard in the cellar and is responsible for his own line of wines with Gr\u00fcner Veltliner Maische, Gr\u00fcner Veltliner Little Mammut and Wei\u00dfburgunder.<\/p>\n<\/div><\/section><\/div>\n<style type=\"text\/css\" data-created_by=\"avia_inline_auto\" id=\"style-css-av-1eag5-0ab01a82f33d3c6e34d03108b8b997bb\">\n.flex_column.av-1eag5-0ab01a82f33d3c6e34d03108b8b997bb{\nborder-radius:0px 0px 0px 0px;\npadding:0px 0px 0px 0px;\n}\n<\/style>\n<div  class='flex_column av-1eag5-0ab01a82f33d3c6e34d03108b8b997bb av_one_third  avia-builder-el-4  el_after_av_two_third  el_before_av_one_full  flex_column_div av-zero-column-padding  column-top-margin'     ><\/div><\/p>\n\n<style type=\"text\/css\" data-created_by=\"avia_inline_auto\" id=\"style-css-av-vavt-58cb79547c656cc56589c24546817640\">\n.flex_column.av-vavt-58cb79547c656cc56589c24546817640{\nborder-radius:0px 0px 0px 0px;\npadding:0px 0px 0px 0px;\n}\n<\/style>\n<div  class='flex_column av-vavt-58cb79547c656cc56589c24546817640 av_one_full  avia-builder-el-5  el_after_av_one_third  avia-builder-el-last  first flex_column_div av-zero-column-padding  column-top-margin'     ><p>\n<style type=\"text\/css\" data-created_by=\"avia_inline_auto\" id=\"style-css-av-jmrt2vfw-3e6cc60d0dd7b1fd527193a8c27f844e\">\n.avia-image-container.av-jmrt2vfw-3e6cc60d0dd7b1fd527193a8c27f844e img.avia_image{\nbox-shadow:none;\n}\n.avia-image-container.av-jmrt2vfw-3e6cc60d0dd7b1fd527193a8c27f844e .av-image-caption-overlay-center{\ncolor:#ffffff;\n}\n<\/style>\n<div  class='avia-image-container av-jmrt2vfw-3e6cc60d0dd7b1fd527193a8c27f844e av-styling- avia-align-left  avia-builder-el-6  el_before_av_textblock  avia-builder-el-first '   itemprop=\"image\" itemscope=\"itemscope\" itemtype=\"https:\/\/schema.org\/ImageObject\" ><div class=\"avia-image-container-inner\"><div class=\"avia-image-overlay-wrap\"><img decoding=\"async\" fetchpriority=\"high\" class='wp-image-8493 avia-img-lazy-loading-not-8493 avia_image ' src=\"https:\/\/www.forstreiter.at\/wp-content\/uploads\/2022\/03\/forstreiter-familie-neu-710x375.jpg\" alt='Isabella, Meinhard and Daniel Forstreiter' title='Family Forstreiter'  height=\"375\" width=\"710\"  itemprop=\"thumbnailUrl\"  \/><\/div><\/div><\/div><br \/>\n<section  class='av_textblock_section av-jn1lykta-451ed5c90f9b7a203c06a4e8e78af7dd '   itemscope=\"itemscope\" itemtype=\"https:\/\/schema.org\/CreativeWork\" ><div class='avia_textblock'  itemprop=\"text\" ><p style=\"text-align: left;\">Isabella and Meinhard Forkampfer with their son Daniel<\/p>\n<\/div><\/section><\/p><\/div>\n","protected":false},"excerpt":{"rendered":"","protected":false},"author":4,"featured_media":0,"parent":4863,"menu_order":0,"comment_status":"closed","ping_status":"closed","template":"","meta":{"_acf_changed":false,"inline_featured_image":false,"footnotes":""},"class_list":["post-4794","page","type-page","status-publish","hentry"],"acf":[],"yoast_head":"<!-- This site is optimized with the Yoast SEO plugin v27.2 - https:\/\/yoast.com\/product\/yoast-seo-wordpress\/ -->\n<title>Family - Weingut Forstreiter<\/title>\n<meta name=\"description\" content=\"The Forkampfer family: Winzer Meinhard, wife Isabella and son Daniel form the heart of the family winery.\" \/>\n<meta name=\"robots\" content=\"index, follow, max-snippet:-1, max-image-preview:large, max-video-preview:-1\" \/>\n<link rel=\"canonical\" href=\"https:\/\/www.forstreiter.at\/en\/winery\/family\/\" \/>\n<meta property=\"og:locale\" content=\"en_US\" \/>\n<meta property=\"og:type\" content=\"article\" \/>\n<meta property=\"og:title\" content=\"Family - Weingut Forstreiter\" \/>\n<meta property=\"og:description\" content=\"The Forkampfer family: Winzer Meinhard, wife Isabella and son Daniel form the heart of the family winery.\" \/>\n<meta property=\"og:url\" content=\"https:\/\/www.forstreiter.at\/en\/winery\/family\/\" \/>\n<meta property=\"og:site_name\" content=\"Weingut Forstreiter\" \/>\n<meta property=\"article:modified_time\" content=\"2022-07-24T04:17:05+00:00\" \/>\n<meta property=\"og:image\" content=\"https:\/\/www.forstreiter.at\/wp-content\/uploads\/2019\/01\/weingutforstreiter.png\" \/>\n\t<meta property=\"og:image:width\" content=\"795\" \/>\n\t<meta property=\"og:image:height\" content=\"525\" \/>\n\t<meta property=\"og:image:type\" content=\"image\/png\" \/>\n<meta name=\"twitter:card\" content=\"summary_large_image\" \/>\n<meta name=\"twitter:label1\" content=\"Est. reading time\" \/>\n\t<meta name=\"twitter:data1\" content=\"4 minutes\" \/>\n<script type=\"application\/ld+json\" class=\"yoast-schema-graph\">{\"@context\":\"https:\/\/schema.org\",\"@graph\":[{\"@type\":\"WebPage\",\"@id\":\"https:\/\/www.forstreiter.at\/en\/winery\/family\/\",\"url\":\"https:\/\/www.forstreiter.at\/en\/winery\/family\/\",\"name\":\"Family - Weingut Forstreiter\",\"isPartOf\":{\"@id\":\"https:\/\/www.forstreiter.at\/#website\"},\"datePublished\":\"2019-01-30T08:04:49+00:00\",\"dateModified\":\"2022-07-24T04:17:05+00:00\",\"description\":\"The Forkampfer family: Winzer Meinhard, wife Isabella and son Daniel form the heart of the family winery.\",\"breadcrumb\":{\"@id\":\"https:\/\/www.forstreiter.at\/en\/winery\/family\/#breadcrumb\"},\"inLanguage\":\"en-US\",\"potentialAction\":[{\"@type\":\"ReadAction\",\"target\":[\"https:\/\/www.forstreiter.at\/en\/winery\/family\/\"]}]},{\"@type\":\"BreadcrumbList\",\"@id\":\"https:\/\/www.forstreiter.at\/en\/winery\/family\/#breadcrumb\",\"itemListElement\":[{\"@type\":\"ListItem\",\"position\":1,\"name\":\"Home\",\"item\":\"https:\/\/www.forstreiter.at\/en\/\"},{\"@type\":\"ListItem\",\"position\":2,\"name\":\"Winery\",\"item\":\"https:\/\/www.forstreiter.at\/en\/winery\/\"},{\"@type\":\"ListItem\",\"position\":3,\"name\":\"Family\"}]},{\"@type\":\"WebSite\",\"@id\":\"https:\/\/www.forstreiter.at\/#website\",\"url\":\"https:\/\/www.forstreiter.at\/\",\"name\":\"Weingut Forstreiter\",\"description\":\"Weingut Forstreiter verkauft Weine in h\u00f6chster Qualit\u00e4t\",\"publisher\":{\"@id\":\"https:\/\/www.forstreiter.at\/#organization\"},\"potentialAction\":[{\"@type\":\"SearchAction\",\"target\":{\"@type\":\"EntryPoint\",\"urlTemplate\":\"https:\/\/www.forstreiter.at\/?s={search_term_string}\"},\"query-input\":{\"@type\":\"PropertyValueSpecification\",\"valueRequired\":true,\"valueName\":\"search_term_string\"}}],\"inLanguage\":\"en-US\"},{\"@type\":\"Organization\",\"@id\":\"https:\/\/www.forstreiter.at\/#organization\",\"name\":\"Weingut Forstreiter GmbH\",\"url\":\"https:\/\/www.forstreiter.at\/\",\"logo\":{\"@type\":\"ImageObject\",\"inLanguage\":\"en-US\",\"@id\":\"https:\/\/www.forstreiter.at\/#\/schema\/logo\/image\/\",\"url\":\"https:\/\/www.forstreiter.at\/wp-content\/uploads\/2020\/09\/logo-nachhaltig-gerade-trans-we.svg\",\"contentUrl\":\"https:\/\/www.forstreiter.at\/wp-content\/uploads\/2020\/09\/logo-nachhaltig-gerade-trans-we.svg\",\"width\":1,\"height\":1,\"caption\":\"Weingut Forstreiter GmbH\"},\"image\":{\"@id\":\"https:\/\/www.forstreiter.at\/#\/schema\/logo\/image\/\"}}]}<\/script>\n<!-- \/ Yoast SEO plugin. -->","yoast_head_json":{"title":"Family - Weingut Forstreiter","description":"The Forkampfer family: Winzer Meinhard, wife Isabella and son Daniel form the heart of the family winery.","robots":{"index":"index","follow":"follow","max-snippet":"max-snippet:-1","max-image-preview":"max-image-preview:large","max-video-preview":"max-video-preview:-1"},"canonical":"https:\/\/www.forstreiter.at\/en\/winery\/family\/","og_locale":"en_US","og_type":"article","og_title":"Family - Weingut Forstreiter","og_description":"The Forkampfer family: Winzer Meinhard, wife Isabella and son Daniel form the heart of the family winery.","og_url":"https:\/\/www.forstreiter.at\/en\/winery\/family\/","og_site_name":"Weingut Forstreiter","article_modified_time":"2022-07-24T04:17:05+00:00","og_image":[{"width":795,"height":525,"url":"https:\/\/www.forstreiter.at\/wp-content\/uploads\/2019\/01\/weingutforstreiter.png","type":"image\/png"}],"twitter_card":"summary_large_image","twitter_misc":{"Est. reading time":"4 minutes"},"schema":{"@context":"https:\/\/schema.org","@graph":[{"@type":"WebPage","@id":"https:\/\/www.forstreiter.at\/en\/winery\/family\/","url":"https:\/\/www.forstreiter.at\/en\/winery\/family\/","name":"Family - Weingut Forstreiter","isPartOf":{"@id":"https:\/\/www.forstreiter.at\/#website"},"datePublished":"2019-01-30T08:04:49+00:00","dateModified":"2022-07-24T04:17:05+00:00","description":"The Forkampfer family: Winzer Meinhard, wife Isabella and son Daniel form the heart of the family winery.","breadcrumb":{"@id":"https:\/\/www.forstreiter.at\/en\/winery\/family\/#breadcrumb"},"inLanguage":"en-US","potentialAction":[{"@type":"ReadAction","target":["https:\/\/www.forstreiter.at\/en\/winery\/family\/"]}]},{"@type":"BreadcrumbList","@id":"https:\/\/www.forstreiter.at\/en\/winery\/family\/#breadcrumb","itemListElement":[{"@type":"ListItem","position":1,"name":"Home","item":"https:\/\/www.forstreiter.at\/en\/"},{"@type":"ListItem","position":2,"name":"Winery","item":"https:\/\/www.forstreiter.at\/en\/winery\/"},{"@type":"ListItem","position":3,"name":"Family"}]},{"@type":"WebSite","@id":"https:\/\/www.forstreiter.at\/#website","url":"https:\/\/www.forstreiter.at\/","name":"Weingut Forstreiter","description":"Weingut Forstreiter verkauft Weine in h\u00f6chster Qualit\u00e4t","publisher":{"@id":"https:\/\/www.forstreiter.at\/#organization"},"potentialAction":[{"@type":"SearchAction","target":{"@type":"EntryPoint","urlTemplate":"https:\/\/www.forstreiter.at\/?s={search_term_string}"},"query-input":{"@type":"PropertyValueSpecification","valueRequired":true,"valueName":"search_term_string"}}],"inLanguage":"en-US"},{"@type":"Organization","@id":"https:\/\/www.forstreiter.at\/#organization","name":"Weingut Forstreiter GmbH","url":"https:\/\/www.forstreiter.at\/","logo":{"@type":"ImageObject","inLanguage":"en-US","@id":"https:\/\/www.forstreiter.at\/#\/schema\/logo\/image\/","url":"https:\/\/www.forstreiter.at\/wp-content\/uploads\/2020\/09\/logo-nachhaltig-gerade-trans-we.svg","contentUrl":"https:\/\/www.forstreiter.at\/wp-content\/uploads\/2020\/09\/logo-nachhaltig-gerade-trans-we.svg","width":1,"height":1,"caption":"Weingut Forstreiter GmbH"},"image":{"@id":"https:\/\/www.forstreiter.at\/#\/schema\/logo\/image\/"}}]}},"_links":{"self":[{"href":"https:\/\/www.forstreiter.at\/en\/wp-json\/wp\/v2\/pages\/4794","targetHints":{"allow":["GET"]}}],"collection":[{"href":"https:\/\/www.forstreiter.at\/en\/wp-json\/wp\/v2\/pages"}],"about":[{"href":"https:\/\/www.forstreiter.at\/en\/wp-json\/wp\/v2\/types\/page"}],"author":[{"embeddable":true,"href":"https:\/\/www.forstreiter.at\/en\/wp-json\/wp\/v2\/users\/4"}],"replies":[{"embeddable":true,"href":"https:\/\/www.forstreiter.at\/en\/wp-json\/wp\/v2\/comments?post=4794"}],"version-history":[{"count":0,"href":"https:\/\/www.forstreiter.at\/en\/wp-json\/wp\/v2\/pages\/4794\/revisions"}],"up":[{"embeddable":true,"href":"https:\/\/www.forstreiter.at\/en\/wp-json\/wp\/v2\/pages\/4863"}],"wp:attachment":[{"href":"https:\/\/www.forstreiter.at\/en\/wp-json\/wp\/v2\/media?parent=4794"}],"curies":[{"name":"wp","href":"https:\/\/api.w.org\/{rel}","templated":true}]}}