{"id":4861,"date":"2019-02-10T12:08:17","date_gmt":"2019-02-10T11:08:17","guid":{"rendered":"https:\/\/www.forstreiter.at\/data-protection\/"},"modified":"2022-07-26T10:12:42","modified_gmt":"2022-07-26T08:12:42","slug":"data-protection","status":"publish","type":"page","link":"https:\/\/www.forstreiter.at\/en\/data-protection\/","title":{"rendered":"Privacy &#8211; in GERMAN only"},"content":{"rendered":"<div  class='flex_column av-3v2q7n-853aca812c73e57c7a46c7c83ec63967 av_four_fifth  avia-builder-el-0  el_before_av_one_fifth  avia-builder-el-first  first flex_column_div  '     ><br \/>\n\n<style type=\"text\/css\" data-created_by=\"avia_inline_auto\" id=\"style-css-av-l5p80apw-89e04c825232c963fe6cddb6166fac44\">\n#top .hr.hr-invisible.av-l5p80apw-89e04c825232c963fe6cddb6166fac44{\nheight:20px;\n}\n<\/style>\n<div  class='hr av-l5p80apw-89e04c825232c963fe6cddb6166fac44 hr-invisible  avia-builder-el-2  el_after_av_codeblock  el_before_av_textblock '><span class='hr-inner '><span class=\"hr-inner-style\"><\/span><\/span><\/div><br \/>\n<section  id=\"datenschutzzusatz\"  class='av_textblock_section av-l61vud3r-5bb572ea47f677810023eb5d8cbc227c '   itemscope=\"itemscope\" itemtype=\"https:\/\/schema.org\/CreativeWork\" ><div class='avia_textblock'  itemprop=\"text\" ><p><strong>Zusatz zu Punkt 6.2.:<\/strong><br \/>\n&#8211; Internationale Spedition Schneckenreither Gesellschaft m.b.H.<br \/>\nErfolgt die Zustellung der Ware durch den Transportdienstleister Internationale Spedition Schneckenreither Gesellschaft m.b.H. (Traunuferstra\u00dfe 113, A-4052 Ansfelden), so geben wir Ihre E-Mail-Adresse und Ihre Telefonnummer vor der Zustellung der Ware gem\u00e4\u00df Art. 6 Abs. 1 lit. a DSGVO zum Zweck der Abstimmung eines Liefertermins bzw. zur Lieferank\u00fcndigung an Internationale Spedition Schneckenreither Gesellschaft m.b.H. weiter, sofern Sie hierf\u00fcr im Bestellprozess Ihre ausdr\u00fcckliche Einwilligung erteilt haben. Anderenfalls geben wir zum Zwecke der Zustellung gem\u00e4\u00df Art. 6 Abs. 1 lit. b DSGVO nur den Namen des Empf\u00e4ngers und die Lieferadresse an Internationale Spedition Schneckenreither Gesellschaft m.b.H. weiter. Die Weitergabe erfolgt nur, soweit dies f\u00fcr die Warenlieferung erforderlich ist. In diesem Fall ist eine vorherige Abstimmung des Liefertermins mit Internationale Spedition Schneckenreither Gesellschaft m.b.H. bzw. die Lieferank\u00fcndigung nicht m\u00f6glich.<br \/>\nDie Einwilligung kann jederzeit mit Wirkung f\u00fcr die Zukunft gegen\u00fcber dem oben bezeichneten Verantwortlichen oder gegen\u00fcber dem Transportdienstleister Internationale Spedition Schneckenreither Gesellschaft m.b.H. widerrufen werden.<\/p>\n<\/div><\/section><br \/>\n\n<style type=\"text\/css\" data-created_by=\"avia_inline_auto\" id=\"style-css-av-30zhar-b1f16ed33ac82789a30e1208df24e2fc\">\n#top .hr.hr-invisible.av-30zhar-b1f16ed33ac82789a30e1208df24e2fc{\nheight:20px;\n}\n<\/style>\n<div  class='hr av-30zhar-b1f16ed33ac82789a30e1208df24e2fc hr-invisible  avia-builder-el-4  el_after_av_textblock  el_before_av_codeblock '><span class='hr-inner '><span class=\"hr-inner-style\"><\/span><\/span><\/div><br \/>\n<\/p><\/div><div  class='flex_column av-2mecz7-0e4a53b5a3053453337fb4bccbc62986 av_one_fifth  avia-builder-el-6  el_after_av_four_fifth  avia-builder-el-last  flex_column_div  '     ><p><section  class='av_textblock_section av-l5p7wdvy-3022c2a3a27dd874702e044f3014135e '   itemscope=\"itemscope\" itemtype=\"https:\/\/schema.org\/CreativeWork\" ><div class='avia_textblock'  itemprop=\"text\" ><p><a href=\"https:\/\/www.forstreiter.at\/en\/imprint\/\">Imprint &#8211; in GERMAN only<\/a><\/p>\n<\/div><\/section><br \/>\n<section  class='av_textblock_section av-l5p81r8n-f402e74f58b84654c97f32c822223331 '   itemscope=\"itemscope\" itemtype=\"https:\/\/schema.org\/CreativeWork\" ><div class='avia_textblock'  itemprop=\"text\" ><p><a href=\"https:\/\/www.forstreiter.at\/en\/conditions\/\">Terms &amp; Conditions &#8211; in GERMAN only<\/a><\/p>\n<\/div><\/section><br \/>\n<section  class='av_textblock_section av-l5p86hby-6fba8f02f21686c912f477e9a6f08250 '   itemscope=\"itemscope\" itemtype=\"https:\/\/schema.org\/CreativeWork\" ><div class='avia_textblock'  itemprop=\"text\" ><p><a href=\"https:\/\/www.forstreiter.at\/en\/shipping\/\">Shipping &amp; Payment &#8211; in GERMAN only<\/a><\/p>\n<\/div><\/section><br \/>\n<section  class='av_textblock_section av-l5p87b83-71ccf9eccaa73673a2ef0a6b8fc7ddfe '   itemscope=\"itemscope\" itemtype=\"https:\/\/schema.org\/CreativeWork\" ><div class='avia_textblock'  itemprop=\"text\" ><p><a href=\"https:\/\/www.forstreiter.at\/en\/revocation\/\">Cancellation policy and form &#8211; in GERMAN only<\/a><\/p>\n<\/div><\/section><\/p><\/div><\/p>\n","protected":false},"excerpt":{"rendered":"","protected":false},"author":4,"featured_media":0,"parent":0,"menu_order":0,"comment_status":"closed","ping_status":"closed","template":"","meta":{"_acf_changed":false,"inline_featured_image":false,"footnotes":""},"class_list":["post-4861","page","type-page","status-publish","hentry"],"acf":[],"yoast_head":"<!-- This site is optimized with the Yoast SEO plugin v27.2 - https:\/\/yoast.com\/product\/yoast-seo-wordpress\/ -->\n<title>Privacy - in GERMAN only - Weingut Forstreiter<\/title>\n<meta name=\"robots\" content=\"index, follow, max-snippet:-1, max-image-preview:large, max-video-preview:-1\" \/>\n<link rel=\"canonical\" href=\"https:\/\/www.forstreiter.at\/en\/data-protection\/\" \/>\n<meta property=\"og:locale\" content=\"en_US\" \/>\n<meta property=\"og:type\" content=\"article\" \/>\n<meta property=\"og:title\" content=\"Privacy - in GERMAN only - Weingut Forstreiter\" \/>\n<meta property=\"og:url\" content=\"https:\/\/www.forstreiter.at\/en\/data-protection\/\" \/>\n<meta property=\"og:site_name\" content=\"Weingut Forstreiter\" \/>\n<meta property=\"article:modified_time\" content=\"2022-07-26T08:12:42+00:00\" \/>\n<meta property=\"og:image\" content=\"https:\/\/www.it-recht-kanzlei.de\/logo\/Copyright-Logo_Datenschutzerklaerung.png?i=45fb9-2c73b-39c8-907e-1\" \/>\n<meta name=\"twitter:card\" content=\"summary_large_image\" \/>\n<meta name=\"twitter:label1\" content=\"Est. reading time\" \/>\n\t<meta name=\"twitter:data1\" content=\"7 minutes\" \/>\n<script type=\"application\/ld+json\" class=\"yoast-schema-graph\">{\"@context\":\"https:\/\/schema.org\",\"@graph\":[{\"@type\":\"WebPage\",\"@id\":\"https:\/\/www.forstreiter.at\/en\/data-protection\/\",\"url\":\"https:\/\/www.forstreiter.at\/en\/data-protection\/\",\"name\":\"Privacy - in GERMAN only - Weingut Forstreiter\",\"isPartOf\":{\"@id\":\"https:\/\/www.forstreiter.at\/#website\"},\"primaryImageOfPage\":{\"@id\":\"https:\/\/www.forstreiter.at\/en\/data-protection\/#primaryimage\"},\"image\":{\"@id\":\"https:\/\/www.forstreiter.at\/en\/data-protection\/#primaryimage\"},\"thumbnailUrl\":\"https:\/\/www.it-recht-kanzlei.de\/logo\/Copyright-Logo_Datenschutzerklaerung.png?i=45fb9-2c73b-39c8-907e-1\",\"datePublished\":\"2019-02-10T11:08:17+00:00\",\"dateModified\":\"2022-07-26T08:12:42+00:00\",\"breadcrumb\":{\"@id\":\"https:\/\/www.forstreiter.at\/en\/data-protection\/#breadcrumb\"},\"inLanguage\":\"en-US\",\"potentialAction\":[{\"@type\":\"ReadAction\",\"target\":[\"https:\/\/www.forstreiter.at\/en\/data-protection\/\"]}]},{\"@type\":\"ImageObject\",\"inLanguage\":\"en-US\",\"@id\":\"https:\/\/www.forstreiter.at\/en\/data-protection\/#primaryimage\",\"url\":\"https:\/\/www.it-recht-kanzlei.de\/logo\/Copyright-Logo_Datenschutzerklaerung.png?i=45fb9-2c73b-39c8-907e-1\",\"contentUrl\":\"https:\/\/www.it-recht-kanzlei.de\/logo\/Copyright-Logo_Datenschutzerklaerung.png?i=45fb9-2c73b-39c8-907e-1\"},{\"@type\":\"BreadcrumbList\",\"@id\":\"https:\/\/www.forstreiter.at\/en\/data-protection\/#breadcrumb\",\"itemListElement\":[{\"@type\":\"ListItem\",\"position\":1,\"name\":\"Home\",\"item\":\"https:\/\/www.forstreiter.at\/en\/\"},{\"@type\":\"ListItem\",\"position\":2,\"name\":\"Privacy &#8211; in GERMAN only\"}]},{\"@type\":\"WebSite\",\"@id\":\"https:\/\/www.forstreiter.at\/#website\",\"url\":\"https:\/\/www.forstreiter.at\/\",\"name\":\"Weingut Forstreiter\",\"description\":\"Weingut Forstreiter verkauft Weine in h\u00f6chster Qualit\u00e4t\",\"publisher\":{\"@id\":\"https:\/\/www.forstreiter.at\/#organization\"},\"potentialAction\":[{\"@type\":\"SearchAction\",\"target\":{\"@type\":\"EntryPoint\",\"urlTemplate\":\"https:\/\/www.forstreiter.at\/?s={search_term_string}\"},\"query-input\":{\"@type\":\"PropertyValueSpecification\",\"valueRequired\":true,\"valueName\":\"search_term_string\"}}],\"inLanguage\":\"en-US\"},{\"@type\":\"Organization\",\"@id\":\"https:\/\/www.forstreiter.at\/#organization\",\"name\":\"Weingut Forstreiter GmbH\",\"url\":\"https:\/\/www.forstreiter.at\/\",\"logo\":{\"@type\":\"ImageObject\",\"inLanguage\":\"en-US\",\"@id\":\"https:\/\/www.forstreiter.at\/#\/schema\/logo\/image\/\",\"url\":\"https:\/\/www.forstreiter.at\/wp-content\/uploads\/2020\/09\/logo-nachhaltig-gerade-trans-we.svg\",\"contentUrl\":\"https:\/\/www.forstreiter.at\/wp-content\/uploads\/2020\/09\/logo-nachhaltig-gerade-trans-we.svg\",\"width\":1,\"height\":1,\"caption\":\"Weingut Forstreiter GmbH\"},\"image\":{\"@id\":\"https:\/\/www.forstreiter.at\/#\/schema\/logo\/image\/\"}}]}<\/script>\n<!-- \/ Yoast SEO plugin. -->","yoast_head_json":{"title":"Privacy - in GERMAN only - Weingut Forstreiter","robots":{"index":"index","follow":"follow","max-snippet":"max-snippet:-1","max-image-preview":"max-image-preview:large","max-video-preview":"max-video-preview:-1"},"canonical":"https:\/\/www.forstreiter.at\/en\/data-protection\/","og_locale":"en_US","og_type":"article","og_title":"Privacy - in GERMAN only - Weingut Forstreiter","og_url":"https:\/\/www.forstreiter.at\/en\/data-protection\/","og_site_name":"Weingut Forstreiter","article_modified_time":"2022-07-26T08:12:42+00:00","og_image":[{"url":"https:\/\/www.it-recht-kanzlei.de\/logo\/Copyright-Logo_Datenschutzerklaerung.png?i=45fb9-2c73b-39c8-907e-1","type":"","width":"","height":""}],"twitter_card":"summary_large_image","twitter_misc":{"Est. reading time":"7 minutes"},"schema":{"@context":"https:\/\/schema.org","@graph":[{"@type":"WebPage","@id":"https:\/\/www.forstreiter.at\/en\/data-protection\/","url":"https:\/\/www.forstreiter.at\/en\/data-protection\/","name":"Privacy - in GERMAN only - Weingut Forstreiter","isPartOf":{"@id":"https:\/\/www.forstreiter.at\/#website"},"primaryImageOfPage":{"@id":"https:\/\/www.forstreiter.at\/en\/data-protection\/#primaryimage"},"image":{"@id":"https:\/\/www.forstreiter.at\/en\/data-protection\/#primaryimage"},"thumbnailUrl":"https:\/\/www.it-recht-kanzlei.de\/logo\/Copyright-Logo_Datenschutzerklaerung.png?i=45fb9-2c73b-39c8-907e-1","datePublished":"2019-02-10T11:08:17+00:00","dateModified":"2022-07-26T08:12:42+00:00","breadcrumb":{"@id":"https:\/\/www.forstreiter.at\/en\/data-protection\/#breadcrumb"},"inLanguage":"en-US","potentialAction":[{"@type":"ReadAction","target":["https:\/\/www.forstreiter.at\/en\/data-protection\/"]}]},{"@type":"ImageObject","inLanguage":"en-US","@id":"https:\/\/www.forstreiter.at\/en\/data-protection\/#primaryimage","url":"https:\/\/www.it-recht-kanzlei.de\/logo\/Copyright-Logo_Datenschutzerklaerung.png?i=45fb9-2c73b-39c8-907e-1","contentUrl":"https:\/\/www.it-recht-kanzlei.de\/logo\/Copyright-Logo_Datenschutzerklaerung.png?i=45fb9-2c73b-39c8-907e-1"},{"@type":"BreadcrumbList","@id":"https:\/\/www.forstreiter.at\/en\/data-protection\/#breadcrumb","itemListElement":[{"@type":"ListItem","position":1,"name":"Home","item":"https:\/\/www.forstreiter.at\/en\/"},{"@type":"ListItem","position":2,"name":"Privacy &#8211; in GERMAN only"}]},{"@type":"WebSite","@id":"https:\/\/www.forstreiter.at\/#website","url":"https:\/\/www.forstreiter.at\/","name":"Weingut Forstreiter","description":"Weingut Forstreiter verkauft Weine in h\u00f6chster Qualit\u00e4t","publisher":{"@id":"https:\/\/www.forstreiter.at\/#organization"},"potentialAction":[{"@type":"SearchAction","target":{"@type":"EntryPoint","urlTemplate":"https:\/\/www.forstreiter.at\/?s={search_term_string}"},"query-input":{"@type":"PropertyValueSpecification","valueRequired":true,"valueName":"search_term_string"}}],"inLanguage":"en-US"},{"@type":"Organization","@id":"https:\/\/www.forstreiter.at\/#organization","name":"Weingut Forstreiter GmbH","url":"https:\/\/www.forstreiter.at\/","logo":{"@type":"ImageObject","inLanguage":"en-US","@id":"https:\/\/www.forstreiter.at\/#\/schema\/logo\/image\/","url":"https:\/\/www.forstreiter.at\/wp-content\/uploads\/2020\/09\/logo-nachhaltig-gerade-trans-we.svg","contentUrl":"https:\/\/www.forstreiter.at\/wp-content\/uploads\/2020\/09\/logo-nachhaltig-gerade-trans-we.svg","width":1,"height":1,"caption":"Weingut Forstreiter GmbH"},"image":{"@id":"https:\/\/www.forstreiter.at\/#\/schema\/logo\/image\/"}}]}},"_links":{"self":[{"href":"https:\/\/www.forstreiter.at\/en\/wp-json\/wp\/v2\/pages\/4861","targetHints":{"allow":["GET"]}}],"collection":[{"href":"https:\/\/www.forstreiter.at\/en\/wp-json\/wp\/v2\/pages"}],"about":[{"href":"https:\/\/www.forstreiter.at\/en\/wp-json\/wp\/v2\/types\/page"}],"author":[{"embeddable":true,"href":"https:\/\/www.forstreiter.at\/en\/wp-json\/wp\/v2\/users\/4"}],"replies":[{"embeddable":true,"href":"https:\/\/www.forstreiter.at\/en\/wp-json\/wp\/v2\/comments?post=4861"}],"version-history":[{"count":0,"href":"https:\/\/www.forstreiter.at\/en\/wp-json\/wp\/v2\/pages\/4861\/revisions"}],"wp:attachment":[{"href":"https:\/\/www.forstreiter.at\/en\/wp-json\/wp\/v2\/media?parent=4861"}],"curies":[{"name":"wp","href":"https:\/\/api.w.org\/{rel}","templated":true}]}}