{"id":4893,"date":"2019-02-11T20:52:09","date_gmt":"2019-02-11T19:52:09","guid":{"rendered":"https:\/\/www.forstreiter.at\/wine-assortment\/shipping\/"},"modified":"2025-08-13T08:15:41","modified_gmt":"2025-08-13T06:15:41","slug":"shipping","status":"publish","type":"page","link":"https:\/\/www.forstreiter.at\/en\/shipping\/","title":{"rendered":"Shipping costs, delivery &amp; payment methods"},"content":{"rendered":"<p>\n<style type=\"text\/css\" data-created_by=\"avia_inline_auto\" id=\"style-css-av-wf8h-7c0a2e525b15dcfc82985d49073174c9\">\n.flex_column.av-wf8h-7c0a2e525b15dcfc82985d49073174c9{\nborder-radius:0px 0px 0px 0px;\npadding:0px 0px 0px 0px;\n}\n<\/style>\n<div  class='flex_column av-wf8h-7c0a2e525b15dcfc82985d49073174c9 av_four_fifth  avia-builder-el-0  el_before_av_one_fifth  avia-builder-el-first  first flex_column_div av-zero-column-padding  '     ><section  class='av_textblock_section av-jnk76w39-ca00caf3392ea3a53a34878149368acd '   itemscope=\"itemscope\" itemtype=\"https:\/\/schema.org\/CreativeWork\" ><div class='avia_textblock'  itemprop=\"text\" ><p>Dear customer, please note when placing your order:<\/p>\n<p>All prices are in Euros ex-winery for end consumers including all Austrian taxes <strong>excl. transport costs<\/strong>. Glass and packaging are included, as well as the Austrian disposal costs for bottles and boxes. Our offer is non-binding.<\/p>\n<p>We make every effort to ensure that our products reach you safely. Due to the shipping carton specifications, we can only deliver in <strong>boxes of 6 and 12. <\/strong> For each order quantity, we charge <strong>transport costs<\/strong> in addition to the prices indicated. For rail express, other shipping methods or larger quantities, please request an offer.<\/p>\n<p>Delivery by DPD to<\/p>\n<p><strong>Austria*:<\/strong><\/p>\n<ul>\n<li>Carton with 6 bottles \u20ac 9,00<\/li>\n<li>Carton with 12 bottles \u20ac 12,00<\/li>\n<li>Flat rate 42 &#8211; 60 bottles \u20ac 50,00<\/li>\n<li>For orders over 60 bottles please send us an inquiry to <span style=\"color: #339966;\"><a style=\"color: #339966;\" href=\"mailto:weingut@forstreiter.at\">weingut@forstreiter.at<\/a><\/span><\/li>\n<\/ul>\n<p>*Kleinwalsertal is charged like Germany<\/p>\n<p><strong>Germany**:<\/strong><\/p>\n<ul>\n<li>Carton with 6 bottles \u20ac 15,00<\/li>\n<li>Carton with 12 bottles \u20ac 18,00<\/li>\n<li>Flat rate 42 &#8211; 60 bottles \u20ac 65,00<\/li>\n<li>Bei Bestellungen \u00fcber 60 Flaschen senden Sie uns bitte eine Anfrage an <span style=\"color: #339966;\"><a style=\"color: #339966;\" href=\"mailto:weingut@forstreiter.at\">weingut@f.orstreiter.at<\/a><\/span><\/li>\n<\/ul>\n<p>** only applies to mainland Germany. F\u00fcr deutsche Inseln berechnen wir erh\u00f6hte Versandkosten aufgrund des Inselzuschlags von des Versanddienstleisters (\u20ac 17,00).<\/p>\n<p><strong>Netherlands:<\/strong><\/p>\n<ul>\n<li>Carton with 6 bottles \u20ac 19,50<\/li>\n<li>Carton with 12 bottles \u20ac 24,00<\/li>\n<li>Flat rate 42 &#8211; 60 bottles \u20ac 65,00<\/li>\n<li>Bei Bestellungen \u00fcber 60 Flaschen senden Sie uns bitte eine Anfrage an <span style=\"color: #339966;\"><a style=\"color: #339966;\" href=\"mailto:weingut@forstreiter.at\">weingut@forstreiter.at<\/a><\/span><\/li>\n<\/ul>\n<p>Other EU countries on request<\/p>\n<p><strong>Transportsch\u00e4den:<\/strong><br \/>\nF\u00fcr Sch\u00e4den und Beeintr\u00e4chtigungen welche w\u00e4hrend des Transportes entstehen, garantieren wir Ihnen vollst\u00e4ndigen Ersatz unter folgenden Bedingungen:<\/p>\n<ul>\n<li>The incoming goods must be checked immediately for correctness and completeness.<\/li>\n<li>A complaint about the goods must be reported within 8 days.<\/li>\n<li>Any complaints must be confirmed by the transport company.<\/li>\n<\/ul>\n<p><strong>Zahlung &amp; Zahlungsweisen:<\/strong><br \/>\nWir behalten uns vor, bei Neukunden die Bezahlung per Vorauskasse zu verlangen.<\/p>\n<p>Paymentoptions are depending on the country of origin of the customer. Paymentoptions are depending on the country of origin of the customer. Optional available are \u201cKauf auf Rechnung\u201d, Credit Cards (VISA and Mastercard), Giropay (Germany) and EPS (Austria).<\/p>\n<p>The ordered goods are to be paid for immediately after receipt of the invoice without deduction. In the event of default in payment, we charge 12% p.a. Late payment interest. The wines remain our property until all claims and ancillary claims have been paid in full. The place of fulfillment is Krems.<\/p>\n<p>Please transfer the total amount of your order to our account:<\/p>\n<p>Kontoinhaber: Weingut Forstreiter GmbH<br \/>\nRaiffeisenbank Krems<br \/>\nBankleitzahl: 32397<br \/>\nKonto Nr:100800011<br \/>\nIBAN: AT543239700100800011<br \/>\nBIC: RLNWATWWKRE<\/p>\n<\/div><\/section><\/div><div  class='flex_column av-368wx-972ddec840dd70205af995f4b282b511 av_one_fifth  avia-builder-el-2  el_after_av_four_fifth  avia-builder-el-last  flex_column_div  '     ><p><section  class='av_textblock_section av-2j84t-0a16631538bf686c128c4a99b8a539fe '   itemscope=\"itemscope\" itemtype=\"https:\/\/schema.org\/CreativeWork\" ><div class='avia_textblock'  itemprop=\"text\" ><p><a href=\"https:\/\/www.forstreiter.at\/en\/imprint\/\">Imprint &#8211; in GERMAN only<\/a><\/p>\n<\/div><\/section><br \/>\n<section  class='av_textblock_section av-283qx-b726175d388286de3e48d9889aadc1e9 '   itemscope=\"itemscope\" itemtype=\"https:\/\/schema.org\/CreativeWork\" ><div class='avia_textblock'  itemprop=\"text\" ><p><a href=\"https:\/\/www.forstreiter.at\/en\/conditions\/\">Terms &amp; Conditions &#8211; in GERMAN only<\/a><\/p>\n<\/div><\/section><br \/>\n<section  class='av_textblock_section av-1s8u5-fbc8461d3e2750b5f1366c55265185df '   itemscope=\"itemscope\" itemtype=\"https:\/\/schema.org\/CreativeWork\" ><div class='avia_textblock'  itemprop=\"text\" ><p><a href=\"https:\/\/www.forstreiter.at\/en\/data-protection\/\">Privacy &#8211; in GERMAN only<\/a><\/p>\n<\/div><\/section><br \/>\n<section  class='av_textblock_section av-15cdl-44bbec905c57c4ec648be880c4a4b667 '   itemscope=\"itemscope\" itemtype=\"https:\/\/schema.org\/CreativeWork\" ><div class='avia_textblock'  itemprop=\"text\" ><p><a href=\"https:\/\/www.forstreiter.at\/en\/revocation\/\">Cancellation policy and form &#8211; in GERMAN only<\/a><\/p>\n<\/div><\/section><\/p><\/div><\/p>\n","protected":false},"excerpt":{"rendered":"","protected":false},"author":4,"featured_media":0,"parent":0,"menu_order":0,"comment_status":"closed","ping_status":"closed","template":"","meta":{"_acf_changed":false,"inline_featured_image":false,"footnotes":""},"class_list":["post-4893","page","type-page","status-publish","hentry"],"acf":[],"yoast_head":"<!-- This site is optimized with the Yoast SEO plugin v27.2 - https:\/\/yoast.com\/product\/yoast-seo-wordpress\/ -->\n<title>Shipping costs, delivery &amp; payment methods - Weingut Forstreiter<\/title>\n<meta name=\"robots\" content=\"index, follow, max-snippet:-1, max-image-preview:large, max-video-preview:-1\" \/>\n<link rel=\"canonical\" href=\"https:\/\/www.forstreiter.at\/en\/shipping\/\" \/>\n<meta property=\"og:locale\" content=\"en_US\" \/>\n<meta property=\"og:type\" content=\"article\" \/>\n<meta property=\"og:title\" content=\"Shipping costs, delivery &amp; payment methods - Weingut Forstreiter\" \/>\n<meta property=\"og:url\" content=\"https:\/\/www.forstreiter.at\/en\/shipping\/\" \/>\n<meta property=\"og:site_name\" content=\"Weingut Forstreiter\" \/>\n<meta property=\"article:modified_time\" content=\"2025-08-13T06:15:41+00:00\" \/>\n<meta property=\"og:image\" content=\"https:\/\/www.forstreiter.at\/wp-content\/uploads\/2019\/01\/weingutforstreiter.png\" \/>\n\t<meta property=\"og:image:width\" content=\"795\" \/>\n\t<meta property=\"og:image:height\" content=\"525\" \/>\n\t<meta property=\"og:image:type\" content=\"image\/png\" \/>\n<meta name=\"twitter:card\" content=\"summary_large_image\" \/>\n<meta name=\"twitter:label1\" content=\"Est. reading time\" \/>\n\t<meta name=\"twitter:data1\" content=\"6 minutes\" \/>\n<script type=\"application\/ld+json\" class=\"yoast-schema-graph\">{\"@context\":\"https:\/\/schema.org\",\"@graph\":[{\"@type\":\"WebPage\",\"@id\":\"https:\/\/www.forstreiter.at\/en\/shipping\/\",\"url\":\"https:\/\/www.forstreiter.at\/en\/shipping\/\",\"name\":\"Shipping costs, delivery &amp; payment methods - Weingut Forstreiter\",\"isPartOf\":{\"@id\":\"https:\/\/www.forstreiter.at\/#website\"},\"datePublished\":\"2019-02-11T19:52:09+00:00\",\"dateModified\":\"2025-08-13T06:15:41+00:00\",\"breadcrumb\":{\"@id\":\"https:\/\/www.forstreiter.at\/en\/shipping\/#breadcrumb\"},\"inLanguage\":\"en-US\",\"potentialAction\":[{\"@type\":\"ReadAction\",\"target\":[\"https:\/\/www.forstreiter.at\/en\/shipping\/\"]}]},{\"@type\":\"BreadcrumbList\",\"@id\":\"https:\/\/www.forstreiter.at\/en\/shipping\/#breadcrumb\",\"itemListElement\":[{\"@type\":\"ListItem\",\"position\":1,\"name\":\"Home\",\"item\":\"https:\/\/www.forstreiter.at\/en\/\"},{\"@type\":\"ListItem\",\"position\":2,\"name\":\"Shipping costs, delivery &amp; payment methods\"}]},{\"@type\":\"WebSite\",\"@id\":\"https:\/\/www.forstreiter.at\/#website\",\"url\":\"https:\/\/www.forstreiter.at\/\",\"name\":\"Weingut Forstreiter\",\"description\":\"Weingut Forstreiter verkauft Weine in h\u00f6chster Qualit\u00e4t\",\"publisher\":{\"@id\":\"https:\/\/www.forstreiter.at\/#organization\"},\"potentialAction\":[{\"@type\":\"SearchAction\",\"target\":{\"@type\":\"EntryPoint\",\"urlTemplate\":\"https:\/\/www.forstreiter.at\/?s={search_term_string}\"},\"query-input\":{\"@type\":\"PropertyValueSpecification\",\"valueRequired\":true,\"valueName\":\"search_term_string\"}}],\"inLanguage\":\"en-US\"},{\"@type\":\"Organization\",\"@id\":\"https:\/\/www.forstreiter.at\/#organization\",\"name\":\"Weingut Forstreiter GmbH\",\"url\":\"https:\/\/www.forstreiter.at\/\",\"logo\":{\"@type\":\"ImageObject\",\"inLanguage\":\"en-US\",\"@id\":\"https:\/\/www.forstreiter.at\/#\/schema\/logo\/image\/\",\"url\":\"https:\/\/www.forstreiter.at\/wp-content\/uploads\/2020\/09\/logo-nachhaltig-gerade-trans-we.svg\",\"contentUrl\":\"https:\/\/www.forstreiter.at\/wp-content\/uploads\/2020\/09\/logo-nachhaltig-gerade-trans-we.svg\",\"width\":1,\"height\":1,\"caption\":\"Weingut Forstreiter GmbH\"},\"image\":{\"@id\":\"https:\/\/www.forstreiter.at\/#\/schema\/logo\/image\/\"}}]}<\/script>\n<!-- \/ Yoast SEO plugin. -->","yoast_head_json":{"title":"Shipping costs, delivery &amp; payment methods - Weingut Forstreiter","robots":{"index":"index","follow":"follow","max-snippet":"max-snippet:-1","max-image-preview":"max-image-preview:large","max-video-preview":"max-video-preview:-1"},"canonical":"https:\/\/www.forstreiter.at\/en\/shipping\/","og_locale":"en_US","og_type":"article","og_title":"Shipping costs, delivery &amp; payment methods - Weingut Forstreiter","og_url":"https:\/\/www.forstreiter.at\/en\/shipping\/","og_site_name":"Weingut Forstreiter","article_modified_time":"2025-08-13T06:15:41+00:00","og_image":[{"width":795,"height":525,"url":"https:\/\/www.forstreiter.at\/wp-content\/uploads\/2019\/01\/weingutforstreiter.png","type":"image\/png"}],"twitter_card":"summary_large_image","twitter_misc":{"Est. reading time":"6 minutes"},"schema":{"@context":"https:\/\/schema.org","@graph":[{"@type":"WebPage","@id":"https:\/\/www.forstreiter.at\/en\/shipping\/","url":"https:\/\/www.forstreiter.at\/en\/shipping\/","name":"Shipping costs, delivery &amp; payment methods - Weingut Forstreiter","isPartOf":{"@id":"https:\/\/www.forstreiter.at\/#website"},"datePublished":"2019-02-11T19:52:09+00:00","dateModified":"2025-08-13T06:15:41+00:00","breadcrumb":{"@id":"https:\/\/www.forstreiter.at\/en\/shipping\/#breadcrumb"},"inLanguage":"en-US","potentialAction":[{"@type":"ReadAction","target":["https:\/\/www.forstreiter.at\/en\/shipping\/"]}]},{"@type":"BreadcrumbList","@id":"https:\/\/www.forstreiter.at\/en\/shipping\/#breadcrumb","itemListElement":[{"@type":"ListItem","position":1,"name":"Home","item":"https:\/\/www.forstreiter.at\/en\/"},{"@type":"ListItem","position":2,"name":"Shipping costs, delivery &amp; payment methods"}]},{"@type":"WebSite","@id":"https:\/\/www.forstreiter.at\/#website","url":"https:\/\/www.forstreiter.at\/","name":"Weingut Forstreiter","description":"Weingut Forstreiter verkauft Weine in h\u00f6chster Qualit\u00e4t","publisher":{"@id":"https:\/\/www.forstreiter.at\/#organization"},"potentialAction":[{"@type":"SearchAction","target":{"@type":"EntryPoint","urlTemplate":"https:\/\/www.forstreiter.at\/?s={search_term_string}"},"query-input":{"@type":"PropertyValueSpecification","valueRequired":true,"valueName":"search_term_string"}}],"inLanguage":"en-US"},{"@type":"Organization","@id":"https:\/\/www.forstreiter.at\/#organization","name":"Weingut Forstreiter GmbH","url":"https:\/\/www.forstreiter.at\/","logo":{"@type":"ImageObject","inLanguage":"en-US","@id":"https:\/\/www.forstreiter.at\/#\/schema\/logo\/image\/","url":"https:\/\/www.forstreiter.at\/wp-content\/uploads\/2020\/09\/logo-nachhaltig-gerade-trans-we.svg","contentUrl":"https:\/\/www.forstreiter.at\/wp-content\/uploads\/2020\/09\/logo-nachhaltig-gerade-trans-we.svg","width":1,"height":1,"caption":"Weingut Forstreiter GmbH"},"image":{"@id":"https:\/\/www.forstreiter.at\/#\/schema\/logo\/image\/"}}]}},"_links":{"self":[{"href":"https:\/\/www.forstreiter.at\/en\/wp-json\/wp\/v2\/pages\/4893","targetHints":{"allow":["GET"]}}],"collection":[{"href":"https:\/\/www.forstreiter.at\/en\/wp-json\/wp\/v2\/pages"}],"about":[{"href":"https:\/\/www.forstreiter.at\/en\/wp-json\/wp\/v2\/types\/page"}],"author":[{"embeddable":true,"href":"https:\/\/www.forstreiter.at\/en\/wp-json\/wp\/v2\/users\/4"}],"replies":[{"embeddable":true,"href":"https:\/\/www.forstreiter.at\/en\/wp-json\/wp\/v2\/comments?post=4893"}],"version-history":[{"count":14,"href":"https:\/\/www.forstreiter.at\/en\/wp-json\/wp\/v2\/pages\/4893\/revisions"}],"predecessor-version":[{"id":12624,"href":"https:\/\/www.forstreiter.at\/en\/wp-json\/wp\/v2\/pages\/4893\/revisions\/12624"}],"wp:attachment":[{"href":"https:\/\/www.forstreiter.at\/en\/wp-json\/wp\/v2\/media?parent=4893"}],"curies":[{"name":"wp","href":"https:\/\/api.w.org\/{rel}","templated":true}]}}